{"id":712,"date":"2020-08-31T20:10:47","date_gmt":"2020-08-31T20:10:47","guid":{"rendered":"https:\/\/www.visit-mexico.mx\/?page_id=712"},"modified":"2023-04-28T17:23:51","modified_gmt":"2023-04-28T22:23:51","slug":"contact","status":"publish","type":"page","link":"https:\/\/www.visit-mexico.mx\/es\/contact\/","title":{"rendered":"Contacto"},"content":{"rendered":"<div class=\"wp-block-columns is-layout-flex wp-container-core-columns-is-layout-9d6595d7 wp-block-columns-is-layout-flex\">\n<div class=\"wp-block-column is-layout-flow wp-block-column-is-layout-flow\">\n<p>\u00a1Cont\u00e1ctenos hoy y h\u00e1ganos saber sus pensamientos! Ya sea que tenga una pregunta, una sugerencia o simplemente quiera compartir su experiencia, nos encantar\u00eda saber de usted. Sus comentarios son importantes para nosotros, ya que nos ayudan a mejorar nuestros servicios y brindarle la mejor experiencia posible.<\/p>\n\n\n\n<p>Puede contactarnos por correo electr\u00f3nico, nuestras redes sociales o a trav\u00e9s del formulario de contacto de nuestro sitio web. Nuestro dedicado equipo de atenci\u00f3n al cliente est\u00e1 disponible para ayudarle con cualquier pregunta o inquietud que pueda tener. Nos esforzamos por brindarle el mejor servicio posible y esperamos tener noticias suyas pronto. Gracias por elegirnos, valoramos sus comentarios y esperamos poder servirle nuevamente en el futuro.<\/p>\n\n\n\n<h2 class=\"wp-block-heading\">Correo electr\u00f3nico:<\/h2>\n\n\n\n<p><a href=\"mailto:info@visit-mexico.mx\" target=\"_blank\" rel=\"noreferrer noopener nofollow\">info@visit-mexico.mx<\/a><\/p>\n\n\n\n<h2 class=\"wp-block-heading\">Redes sociales:<\/h2>\n\n\n\n<ul class=\"wp-block-social-links has-icon-color has-icon-background-color is-style-default is-layout-flex wp-block-social-links-is-layout-flex\"><li style=\"color:#ffffff;background-color:#3962e3;\" class=\"wp-social-link wp-social-link-facebook  wp-block-social-link\"><a rel=\"noopener nofollow\" target=\"_blank\" href=\"https:\/\/www.facebook.com\/visitmexicomxweb\" class=\"wp-block-social-link-anchor\"><svg width=\"24\" height=\"24\" viewbox=\"0 0 24 24\" version=\"1.1\" xmlns=\"http:\/\/www.w3.org\/2000\/svg\" aria-hidden=\"true\" focusable=\"false\"><path d=\"M12 2C6.5 2 2 6.5 2 12c0 5 3.7 9.1 8.4 9.9v-7H7.9V12h2.5V9.8c0-2.5 1.5-3.9 3.8-3.9 1.1 0 2.2.2 2.2.2v2.5h-1.3c-1.2 0-1.6.8-1.6 1.6V12h2.8l-.4 2.9h-2.3v7C18.3 21.1 22 17 22 12c0-5.5-4.5-10-10-10z\"><\/path><\/svg><span class=\"wp-block-social-link-label screen-reader-text\">Facebook<\/span><\/a><\/li>\n\n<li style=\"color:#ffffff;background-color:#3962e3;\" class=\"wp-social-link wp-social-link-twitter  wp-block-social-link\"><a rel=\"noopener nofollow\" target=\"_blank\" href=\"https:\/\/twitter.com\/visitmexicomx\" class=\"wp-block-social-link-anchor\"><svg width=\"24\" height=\"24\" viewbox=\"0 0 24 24\" version=\"1.1\" xmlns=\"http:\/\/www.w3.org\/2000\/svg\" aria-hidden=\"true\" focusable=\"false\"><path d=\"M22.23,5.924c-0.736,0.326-1.527,0.547-2.357,0.646c0.847-0.508,1.498-1.312,1.804-2.27 c-0.793,0.47-1.671,0.812-2.606,0.996C18.324,4.498,17.257,4,16.077,4c-2.266,0-4.103,1.837-4.103,4.103 c0,0.322,0.036,0.635,0.106,0.935C8.67,8.867,5.647,7.234,3.623,4.751C3.27,5.357,3.067,6.062,3.067,6.814 c0,1.424,0.724,2.679,1.825,3.415c-0.673-0.021-1.305-0.206-1.859-0.513c0,0.017,0,0.034,0,0.052c0,1.988,1.414,3.647,3.292,4.023 c-0.344,0.094-0.707,0.144-1.081,0.144c-0.264,0-0.521-0.026-0.772-0.074c0.522,1.63,2.038,2.816,3.833,2.85 c-1.404,1.1-3.174,1.756-5.096,1.756c-0.331,0-0.658-0.019-0.979-0.057c1.816,1.164,3.973,1.843,6.29,1.843 c7.547,0,11.675-6.252,11.675-11.675c0-0.178-0.004-0.355-0.012-0.531C20.985,7.47,21.68,6.747,22.23,5.924z\"><\/path><\/svg><span class=\"wp-block-social-link-label screen-reader-text\">Twitter<\/span><\/a><\/li>\n\n<li style=\"color:#ffffff;background-color:#3962e3;\" class=\"wp-social-link wp-social-link-instagram  wp-block-social-link\"><a rel=\"noopener nofollow\" target=\"_blank\" href=\"https:\/\/www.instagram.com\/visit_mexico.mx\" class=\"wp-block-social-link-anchor\"><svg width=\"24\" height=\"24\" viewbox=\"0 0 24 24\" version=\"1.1\" xmlns=\"http:\/\/www.w3.org\/2000\/svg\" aria-hidden=\"true\" focusable=\"false\"><path d=\"M12,4.622c2.403,0,2.688,0.009,3.637,0.052c0.877,0.04,1.354,0.187,1.671,0.31c0.42,0.163,0.72,0.358,1.035,0.673 c0.315,0.315,0.51,0.615,0.673,1.035c0.123,0.317,0.27,0.794,0.31,1.671c0.043,0.949,0.052,1.234,0.052,3.637 s-0.009,2.688-0.052,3.637c-0.04,0.877-0.187,1.354-0.31,1.671c-0.163,0.42-0.358,0.72-0.673,1.035 c-0.315,0.315-0.615,0.51-1.035,0.673c-0.317,0.123-0.794,0.27-1.671,0.31c-0.949,0.043-1.233,0.052-3.637,0.052 s-2.688-0.009-3.637-0.052c-0.877-0.04-1.354-0.187-1.671-0.31c-0.42-0.163-0.72-0.358-1.035-0.673 c-0.315-0.315-0.51-0.615-0.673-1.035c-0.123-0.317-0.27-0.794-0.31-1.671C4.631,14.688,4.622,14.403,4.622,12 s0.009-2.688,0.052-3.637c0.04-0.877,0.187-1.354,0.31-1.671c0.163-0.42,0.358-0.72,0.673-1.035 c0.315-0.315,0.615-0.51,1.035-0.673c0.317-0.123,0.794-0.27,1.671-0.31C9.312,4.631,9.597,4.622,12,4.622 M12,3 C9.556,3,9.249,3.01,8.289,3.054C7.331,3.098,6.677,3.25,6.105,3.472C5.513,3.702,5.011,4.01,4.511,4.511 c-0.5,0.5-0.808,1.002-1.038,1.594C3.25,6.677,3.098,7.331,3.054,8.289C3.01,9.249,3,9.556,3,12c0,2.444,0.01,2.751,0.054,3.711 c0.044,0.958,0.196,1.612,0.418,2.185c0.23,0.592,0.538,1.094,1.038,1.594c0.5,0.5,1.002,0.808,1.594,1.038 c0.572,0.222,1.227,0.375,2.185,0.418C9.249,20.99,9.556,21,12,21s2.751-0.01,3.711-0.054c0.958-0.044,1.612-0.196,2.185-0.418 c0.592-0.23,1.094-0.538,1.594-1.038c0.5-0.5,0.808-1.002,1.038-1.594c0.222-0.572,0.375-1.227,0.418-2.185 C20.99,14.751,21,14.444,21,12s-0.01-2.751-0.054-3.711c-0.044-0.958-0.196-1.612-0.418-2.185c-0.23-0.592-0.538-1.094-1.038-1.594 c-0.5-0.5-1.002-0.808-1.594-1.038c-0.572-0.222-1.227-0.375-2.185-0.418C14.751,3.01,14.444,3,12,3L12,3z M12,7.378 c-2.552,0-4.622,2.069-4.622,4.622S9.448,16.622,12,16.622s4.622-2.069,4.622-4.622S14.552,7.378,12,7.378z M12,15 c-1.657,0-3-1.343-3-3s1.343-3,3-3s3,1.343,3,3S13.657,15,12,15z M16.804,6.116c-0.596,0-1.08,0.484-1.08,1.08 s0.484,1.08,1.08,1.08c0.596,0,1.08-0.484,1.08-1.08S17.401,6.116,16.804,6.116z\"><\/path><\/svg><span class=\"wp-block-social-link-label screen-reader-text\">Instagram<\/span><\/a><\/li><\/ul>\n\n\n\n<p>Tu apoyo nos ayuda a seguir brindando valiosa informaci\u00f3n tur\u00edstica. <a href=\"https:\/\/www.paypal.com\/donate\/?hosted_button_id=GFW2X2A4MV7HN\" target=\"_blank\" rel=\"noreferrer noopener\">Done ahora<\/a> \u00a1y marca la diferencia en la experiencia de viaje de los dem\u00e1s!<\/p>\n<\/div>\n\n\n\n<div class=\"wp-block-column is-layout-flow wp-block-column-is-layout-flow\">\n<p class=\"has-ascend-primary-light-color has-text-color\">* Si est\u00e1 tratando de comunicarse con el Consejo de Promoci\u00f3n Tur\u00edstica de M\u00e9xico, debe visitar su sitio web oficial: <a href=\"https:\/\/www.gob.mx\/sectur#198\" target=\"_blank\" rel=\"noreferrer noopener nofollow\">https:\/\/www.gob.mx\/sectur<\/a><\/p>\n\n\n\n<div class=\"wpcf7 no-js\" id=\"wpcf7-f431-o1\" lang=\"es-ES\" dir=\"ltr\" data-wpcf7-id=\"431\">\n<div class=\"screen-reader-response\"><p role=\"status\" aria-live=\"polite\" aria-atomic=\"true\"><\/p> <ul><\/ul><\/div>\n<form action=\"\/es\/wp-json\/wp\/v2\/pages\/712#wpcf7-f431-o1\" method=\"post\" class=\"wpcf7-form init\" aria-label=\"Formulario de contacto\" novalidate=\"novalidate\" data-status=\"init\" data-trp-original-action=\"\/es\/wp-json\/wp\/v2\/pages\/712#wpcf7-f431-o1\">\n<fieldset class=\"hidden-fields-container\"><input type=\"hidden\" name=\"_wpcf7\" value=\"431\" \/><input type=\"hidden\" name=\"_wpcf7_version\" value=\"6.1.5\" \/><input type=\"hidden\" name=\"_wpcf7_locale\" value=\"es_ES\" \/><input type=\"hidden\" name=\"_wpcf7_unit_tag\" value=\"wpcf7-f431-o1\" \/><input type=\"hidden\" name=\"_wpcf7_container_post\" value=\"0\" \/><input type=\"hidden\" name=\"_wpcf7_posted_data_hash\" value=\"\" \/><input type=\"hidden\" name=\"_wpcf7_recaptcha_response\" value=\"\" \/>\n<\/fieldset>\n<p><label> Tu nombre (requerido):<br \/>\n<span class=\"wpcf7-form-control-wrap\" data-name=\"your-name\"><input size=\"40\" maxlength=\"400\" class=\"wpcf7-form-control wpcf7-text wpcf7-validates-as-required\" aria-required=\"true\" aria-invalid=\"false\" value=\"\" type=\"text\" name=\"your-name\" \/><\/span> <\/label>\n<\/p>\n<p><label> Tu Email (requerido):<br \/>\n<span class=\"wpcf7-form-control-wrap\" data-name=\"your-email\"><input size=\"40\" maxlength=\"400\" class=\"wpcf7-form-control wpcf7-email wpcf7-validates-as-required wpcf7-text wpcf7-validates-as-email\" aria-required=\"true\" aria-invalid=\"false\" value=\"\" type=\"email\" name=\"your-email\" \/><\/span> <\/label>\n<\/p>\n<p><label> Asunto:<br \/>\n<span class=\"wpcf7-form-control-wrap\" data-name=\"your-subject\"><input size=\"40\" maxlength=\"400\" class=\"wpcf7-form-control wpcf7-text\" aria-invalid=\"false\" value=\"\" type=\"text\" name=\"your-subject\" \/><\/span> <\/label>\n<\/p>\n<p><label> Tu mensaje:<br \/>\n<span class=\"wpcf7-form-control-wrap\" data-name=\"your-message\"><textarea cols=\"40\" rows=\"10\" maxlength=\"2000\" class=\"wpcf7-form-control wpcf7-textarea\" aria-invalid=\"false\" name=\"your-message\"><\/textarea><\/span> <\/label>\n<\/p>\n<span class=\"wpcf7-form-control-wrap recaptcha\" data-name=\"recaptcha\"><span data-sitekey=\"6LeCBrYiAAAAADboI6NZYpx6oFfOJDvV0OoTXk6P\" class=\"wpcf7-form-control wpcf7-recaptcha g-recaptcha\"><\/span>\r\n<noscript>\r\n\t<div class=\"grecaptcha-noscript\">\r\n\t\t<iframe src=\"https:\/\/www.google.com\/recaptcha\/api\/fallback?k=6LeCBrYiAAAAADboI6NZYpx6oFfOJDvV0OoTXk6P\" frameborder=\"0\" scrolling=\"no\" width=\"310\" height=\"430\">\r\n\t\t<\/iframe>\r\n\t\t<textarea name=\"g-recaptcha-response\" rows=\"3\" cols=\"40\" placeholder=\"Aqu\u00ed la respuesta de reCAPTCHA\">\r\n\t\t<\/textarea>\r\n\t<\/div>\r\n<\/noscript>\r\n<\/span>\n<p><input class=\"wpcf7-form-control wpcf7-submit has-spinner\" type=\"submit\" value=\"Enviar\" \/>\n<\/p><div class=\"wpcf7-response-output\" aria-hidden=\"true\"><\/div>\n<input type=\"hidden\" name=\"trp-form-language\" value=\"es\"\/><\/form>\n<\/div>\n\n<\/div>\n<\/div>\n\n\n\n<div class=\"wp-block-kadence-spacer aligncenter kt-block-spacer-_b3690e-4f\"><div class=\"kt-block-spacer kt-block-spacer-halign-center\"><hr class=\"kt-divider\"\/><\/div><\/div>\n\n\n<div class=\"wp-block-image\">\n<figure class=\"aligncenter size-full is-resized\"><img decoding=\"async\" src=\"https:\/\/www.visit-mexico.mx\/wp-content\/uploads\/2023\/01\/VISIT-MEXICO-LOGO-PNG.png\" alt=\"VISIT-MEXICO-LOGO\" class=\"wp-image-20056\" width=\"175\" height=\"165\" srcset=\"https:\/\/www.visit-mexico.mx\/wp-content\/uploads\/2023\/01\/VISIT-MEXICO-LOGO-PNG.png 699w, https:\/\/www.visit-mexico.mx\/wp-content\/uploads\/2023\/01\/VISIT-MEXICO-LOGO-PNG-300x282.png 300w, https:\/\/www.visit-mexico.mx\/wp-content\/uploads\/2023\/01\/VISIT-MEXICO-LOGO-PNG-13x12.png 13w\" sizes=\"(max-width: 175px) 100vw, 175px\" \/><\/figure>\n<\/div>\n\n\n<p><\/p>","protected":false},"excerpt":{"rendered":"<p>\u00a1Cont\u00e1ctenos hoy y h\u00e1ganos saber sus pensamientos! Ya sea que tenga una pregunta, una sugerencia o simplemente quiera compartir su... <a class=\"kt-excerpt-readmore more-link\" href=\"https:\/\/www.visit-mexico.mx\/es\/contact\/\">Leer m\u00e1s<\/a><\/p>","protected":false},"author":2,"featured_media":0,"parent":0,"menu_order":0,"comment_status":"closed","ping_status":"closed","template":"","meta":{"footnotes":""},"class_list":["post-712","page","type-page","status-publish","hentry"],"yoast_head":"<!-- This site is optimized with the Yoast SEO plugin v27.5 - https:\/\/yoast.com\/product\/yoast-seo-wordpress\/ -->\n<title>Contact | visit-mexico.mx<\/title>\n<meta name=\"description\" content=\"Contact us today and let us know your thoughts! Whether you have a question, a suggestion, or just want to share your experience, we would love to hear\" \/>\n<meta name=\"robots\" content=\"index, follow, max-snippet:-1, max-image-preview:large, max-video-preview:-1\" \/>\n<link rel=\"canonical\" href=\"https:\/\/www.visit-mexico.mx\/es\/contact\/\" \/>\n<meta property=\"og:locale\" content=\"es_ES\" \/>\n<meta property=\"og:type\" content=\"article\" \/>\n<meta property=\"og:title\" content=\"Contact | visit-mexico.mx\" \/>\n<meta property=\"og:description\" content=\"Contact us today and let us know your thoughts! Whether you have a question, a suggestion, or just want to share your experience, we would love to hear\" \/>\n<meta property=\"og:url\" content=\"https:\/\/www.visit-mexico.mx\/es\/contact\/\" \/>\n<meta property=\"og:site_name\" content=\"visit-mexico.mx\" \/>\n<meta property=\"article:publisher\" content=\"https:\/\/www.facebook.com\/visit-mexicomx-102215558375226\" \/>\n<meta property=\"article:modified_time\" content=\"2023-04-28T22:23:51+00:00\" \/>\n<meta property=\"og:image\" content=\"https:\/\/www.visit-mexico.mx\/wp-content\/uploads\/2023\/01\/VISIT-MEXICO-LOGO-PNG.png\" \/>\n<meta name=\"twitter:card\" content=\"summary_large_image\" \/>\n<meta name=\"twitter:site\" content=\"@visitmexicomx\" \/>\n<meta name=\"twitter:label1\" content=\"Tiempo de lectura\" \/>\n\t<meta name=\"twitter:data1\" content=\"1 minuto\" \/>\n<script type=\"application\/ld+json\" class=\"yoast-schema-graph\">{\"@context\":\"https:\\\/\\\/schema.org\",\"@graph\":[{\"@type\":\"WebPage\",\"@id\":\"https:\\\/\\\/www.visit-mexico.mx\\\/contact\\\/\",\"url\":\"https:\\\/\\\/www.visit-mexico.mx\\\/contact\\\/\",\"name\":\"Contact | visit-mexico.mx\",\"isPartOf\":{\"@id\":\"https:\\\/\\\/www.visit-mexico.mx\\\/#website\"},\"primaryImageOfPage\":{\"@id\":\"https:\\\/\\\/www.visit-mexico.mx\\\/contact\\\/#primaryimage\"},\"image\":{\"@id\":\"https:\\\/\\\/www.visit-mexico.mx\\\/contact\\\/#primaryimage\"},\"thumbnailUrl\":\"https:\\\/\\\/www.visit-mexico.mx\\\/wp-content\\\/uploads\\\/2023\\\/01\\\/VISIT-MEXICO-LOGO-PNG.png\",\"datePublished\":\"2020-08-31T20:10:47+00:00\",\"dateModified\":\"2023-04-28T22:23:51+00:00\",\"description\":\"Contact us today and let us know your thoughts! Whether you have a question, a suggestion, or just want to share your experience, we would love to hear\",\"breadcrumb\":{\"@id\":\"https:\\\/\\\/www.visit-mexico.mx\\\/contact\\\/#breadcrumb\"},\"inLanguage\":\"es\",\"potentialAction\":[{\"@type\":\"ReadAction\",\"target\":[\"https:\\\/\\\/www.visit-mexico.mx\\\/contact\\\/\"]}]},{\"@type\":\"ImageObject\",\"inLanguage\":\"es\",\"@id\":\"https:\\\/\\\/www.visit-mexico.mx\\\/contact\\\/#primaryimage\",\"url\":\"https:\\\/\\\/www.visit-mexico.mx\\\/wp-content\\\/uploads\\\/2023\\\/01\\\/VISIT-MEXICO-LOGO-PNG.png\",\"contentUrl\":\"https:\\\/\\\/www.visit-mexico.mx\\\/wp-content\\\/uploads\\\/2023\\\/01\\\/VISIT-MEXICO-LOGO-PNG.png\"},{\"@type\":\"BreadcrumbList\",\"@id\":\"https:\\\/\\\/www.visit-mexico.mx\\\/contact\\\/#breadcrumb\",\"itemListElement\":[{\"@type\":\"ListItem\",\"position\":1,\"name\":\"M\u00c9XICO\",\"item\":\"https:\\\/\\\/www.visit-mexico.mx\\\/\"},{\"@type\":\"ListItem\",\"position\":2,\"name\":\"Contact\"}]},{\"@type\":\"WebSite\",\"@id\":\"https:\\\/\\\/www.visit-mexico.mx\\\/#website\",\"url\":\"https:\\\/\\\/www.visit-mexico.mx\\\/\",\"name\":\"visit-mexico.mx\",\"description\":\"Mexico Tourist Guide\",\"publisher\":{\"@id\":\"https:\\\/\\\/www.visit-mexico.mx\\\/#organization\"},\"alternateName\":\"visit-mexico.mx\",\"potentialAction\":[{\"@type\":\"SearchAction\",\"target\":{\"@type\":\"EntryPoint\",\"urlTemplate\":\"https:\\\/\\\/www.visit-mexico.mx\\\/?s={search_term_string}\"},\"query-input\":{\"@type\":\"PropertyValueSpecification\",\"valueRequired\":true,\"valueName\":\"search_term_string\"}}],\"inLanguage\":\"es\"},{\"@type\":\"Organization\",\"@id\":\"https:\\\/\\\/www.visit-mexico.mx\\\/#organization\",\"name\":\"Visit-Mexico.mx\",\"alternateName\":\"visit-mexico.mx\",\"url\":\"https:\\\/\\\/www.visit-mexico.mx\\\/\",\"logo\":{\"@type\":\"ImageObject\",\"inLanguage\":\"es\",\"@id\":\"https:\\\/\\\/www.visit-mexico.mx\\\/#\\\/schema\\\/logo\\\/image\\\/\",\"url\":\"https:\\\/\\\/www.visit-mexico.mx\\\/wp-content\\\/uploads\\\/2020\\\/11\\\/VISIT-MEXICO-LOGO-MX.png\",\"contentUrl\":\"https:\\\/\\\/www.visit-mexico.mx\\\/wp-content\\\/uploads\\\/2020\\\/11\\\/VISIT-MEXICO-LOGO-MX.png\",\"width\":512,\"height\":512,\"caption\":\"Visit-Mexico.mx\"},\"image\":{\"@id\":\"https:\\\/\\\/www.visit-mexico.mx\\\/#\\\/schema\\\/logo\\\/image\\\/\"},\"sameAs\":[\"https:\\\/\\\/www.facebook.com\\\/visit-mexicomx-102215558375226\",\"https:\\\/\\\/x.com\\\/visitmexicomx\",\"https:\\\/\\\/www.instagram.com\\\/visit_mexico.mx\\\/\"]}]}<\/script>\n<!-- \/ Yoast SEO plugin. -->","yoast_head_json":{"title":"Contacto | visit-mexico.mx","description":"\u00a1Cont\u00e1ctanos hoy y cu\u00e9ntanos qu\u00e9 te parece! Si tienes alguna pregunta, sugerencia o simplemente quieres compartir tu experiencia, nos encantar\u00eda saberlo.","robots":{"index":"index","follow":"follow","max-snippet":"max-snippet:-1","max-image-preview":"max-image-preview:large","max-video-preview":"max-video-preview:-1"},"canonical":"https:\/\/www.visit-mexico.mx\/es\/contact\/","og_locale":"es_ES","og_type":"article","og_title":"Contact | visit-mexico.mx","og_description":"Contact us today and let us know your thoughts! Whether you have a question, a suggestion, or just want to share your experience, we would love to hear","og_url":"https:\/\/www.visit-mexico.mx\/es\/contact\/","og_site_name":"visit-mexico.mx","article_publisher":"https:\/\/www.facebook.com\/visit-mexicomx-102215558375226","article_modified_time":"2023-04-28T22:23:51+00:00","og_image":[{"url":"https:\/\/www.visit-mexico.mx\/wp-content\/uploads\/2023\/01\/VISIT-MEXICO-LOGO-PNG.png","type":"","width":"","height":""}],"twitter_card":"summary_large_image","twitter_site":"@visitmexicomx","twitter_misc":{"Tiempo de lectura":"1 minuto"},"schema":{"@context":"https:\/\/schema.org","@graph":[{"@type":"WebPage","@id":"https:\/\/www.visit-mexico.mx\/contact\/","url":"https:\/\/www.visit-mexico.mx\/contact\/","name":"Contacto | visit-mexico.mx","isPartOf":{"@id":"https:\/\/www.visit-mexico.mx\/#website"},"primaryImageOfPage":{"@id":"https:\/\/www.visit-mexico.mx\/contact\/#primaryimage"},"image":{"@id":"https:\/\/www.visit-mexico.mx\/contact\/#primaryimage"},"thumbnailUrl":"https:\/\/www.visit-mexico.mx\/wp-content\/uploads\/2023\/01\/VISIT-MEXICO-LOGO-PNG.png","datePublished":"2020-08-31T20:10:47+00:00","dateModified":"2023-04-28T22:23:51+00:00","description":"\u00a1Cont\u00e1ctanos hoy y cu\u00e9ntanos qu\u00e9 te parece! Si tienes alguna pregunta, sugerencia o simplemente quieres compartir tu experiencia, nos encantar\u00eda saberlo.","breadcrumb":{"@id":"https:\/\/www.visit-mexico.mx\/contact\/#breadcrumb"},"inLanguage":"es","potentialAction":[{"@type":"ReadAction","target":["https:\/\/www.visit-mexico.mx\/contact\/"]}]},{"@type":"ImageObject","inLanguage":"es","@id":"https:\/\/www.visit-mexico.mx\/contact\/#primaryimage","url":"https:\/\/www.visit-mexico.mx\/wp-content\/uploads\/2023\/01\/VISIT-MEXICO-LOGO-PNG.png","contentUrl":"https:\/\/www.visit-mexico.mx\/wp-content\/uploads\/2023\/01\/VISIT-MEXICO-LOGO-PNG.png"},{"@type":"BreadcrumbList","@id":"https:\/\/www.visit-mexico.mx\/contact\/#breadcrumb","itemListElement":[{"@type":"ListItem","position":1,"name":"M\u00c9XICO","item":"https:\/\/www.visit-mexico.mx\/"},{"@type":"ListItem","position":2,"name":"Contact"}]},{"@type":"WebSite","@id":"https:\/\/www.visit-mexico.mx\/#website","url":"https:\/\/www.visit-mexico.mx\/","name":"visit-mexico.mx","description":"Gu\u00eda tur\u00edstica de M\u00e9xico","publisher":{"@id":"https:\/\/www.visit-mexico.mx\/#organization"},"alternateName":"visit-mexico.mx","potentialAction":[{"@type":"SearchAction","target":{"@type":"EntryPoint","urlTemplate":"https:\/\/www.visit-mexico.mx\/?s={search_term_string}"},"query-input":{"@type":"PropertyValueSpecification","valueRequired":true,"valueName":"search_term_string"}}],"inLanguage":"es"},{"@type":"Organization","@id":"https:\/\/www.visit-mexico.mx\/#organization","name":"Visita-M\u00e9xico.mx","alternateName":"visit-mexico.mx","url":"https:\/\/www.visit-mexico.mx\/","logo":{"@type":"ImageObject","inLanguage":"es","@id":"https:\/\/www.visit-mexico.mx\/#\/schema\/logo\/image\/","url":"https:\/\/www.visit-mexico.mx\/wp-content\/uploads\/2020\/11\/VISIT-MEXICO-LOGO-MX.png","contentUrl":"https:\/\/www.visit-mexico.mx\/wp-content\/uploads\/2020\/11\/VISIT-MEXICO-LOGO-MX.png","width":512,"height":512,"caption":"Visit-Mexico.mx"},"image":{"@id":"https:\/\/www.visit-mexico.mx\/#\/schema\/logo\/image\/"},"sameAs":["https:\/\/www.facebook.com\/visit-mexicomx-102215558375226","https:\/\/x.com\/visitmexicomx","https:\/\/www.instagram.com\/visit_mexico.mx\/"]}]}},"_links":{"self":[{"href":"https:\/\/www.visit-mexico.mx\/es\/wp-json\/wp\/v2\/pages\/712","targetHints":{"allow":["GET"]}}],"collection":[{"href":"https:\/\/www.visit-mexico.mx\/es\/wp-json\/wp\/v2\/pages"}],"about":[{"href":"https:\/\/www.visit-mexico.mx\/es\/wp-json\/wp\/v2\/types\/page"}],"author":[{"embeddable":true,"href":"https:\/\/www.visit-mexico.mx\/es\/wp-json\/wp\/v2\/users\/2"}],"replies":[{"embeddable":true,"href":"https:\/\/www.visit-mexico.mx\/es\/wp-json\/wp\/v2\/comments?post=712"}],"version-history":[{"count":19,"href":"https:\/\/www.visit-mexico.mx\/es\/wp-json\/wp\/v2\/pages\/712\/revisions"}],"predecessor-version":[{"id":25349,"href":"https:\/\/www.visit-mexico.mx\/es\/wp-json\/wp\/v2\/pages\/712\/revisions\/25349"}],"wp:attachment":[{"href":"https:\/\/www.visit-mexico.mx\/es\/wp-json\/wp\/v2\/media?parent=712"}],"curies":[{"name":"gracias","href":"https:\/\/api.w.org\/{rel}","templated":true}]}}