{"id":429,"date":"2020-08-30T03:18:56","date_gmt":"2020-08-30T03:18:56","guid":{"rendered":"https:\/\/www.visit-mexico.mx\/?page_id=429"},"modified":"2020-08-30T03:36:59","modified_gmt":"2020-08-30T03:36:59","slug":"anunciate","status":"publish","type":"page","link":"https:\/\/www.visit-mexico.mx\/es\/anunciate\/","title":{"rendered":"An\u00fanciate con Nosotros"},"content":{"rendered":"<div class=\"wp-block-columns is-layout-flex wp-container-core-columns-is-layout-9d6595d7 wp-block-columns-is-layout-flex\">\n<div class=\"wp-block-column is-layout-flow wp-block-column-is-layout-flow\">\n<p>Registra tu negocio en <strong>visit-mexico.mx<\/strong> y aumenta tus ventas!<\/p>\n<\/div>\n\n\n\n<div class=\"wp-block-column is-layout-flow wp-block-column-is-layout-flow\">\n<div class=\"wpcf7 no-js\" id=\"wpcf7-f432-o1\" lang=\"es-ES\" dir=\"ltr\" data-wpcf7-id=\"432\">\n<div class=\"screen-reader-response\"><p role=\"status\" aria-live=\"polite\" aria-atomic=\"true\"><\/p> <ul><\/ul><\/div>\n<form action=\"\/es\/wp-json\/wp\/v2\/pages\/429#wpcf7-f432-o1\" method=\"post\" class=\"wpcf7-form init\" aria-label=\"Formulario de contacto\" novalidate=\"novalidate\" data-status=\"init\" data-trp-original-action=\"\/es\/wp-json\/wp\/v2\/pages\/429#wpcf7-f432-o1\">\n<fieldset class=\"hidden-fields-container\"><input type=\"hidden\" name=\"_wpcf7\" value=\"432\" \/><input type=\"hidden\" name=\"_wpcf7_version\" value=\"6.1.5\" \/><input type=\"hidden\" name=\"_wpcf7_locale\" value=\"es_ES\" \/><input type=\"hidden\" name=\"_wpcf7_unit_tag\" value=\"wpcf7-f432-o1\" \/><input type=\"hidden\" name=\"_wpcf7_container_post\" value=\"0\" \/><input type=\"hidden\" name=\"_wpcf7_posted_data_hash\" value=\"\" \/><input type=\"hidden\" name=\"_wpcf7_recaptcha_response\" value=\"\" \/>\n<\/fieldset>\n<p><label> Tu nombre (obligatorio)<br \/>\n<span class=\"wpcf7-form-control-wrap\" data-name=\"your-name\"><input size=\"40\" maxlength=\"400\" class=\"wpcf7-form-control wpcf7-text wpcf7-validates-as-required\" aria-required=\"true\" aria-invalid=\"false\" value=\"\" type=\"text\" name=\"your-name\" \/><\/span> <\/label>\n<\/p>\n<p><label> Tu correo electr\u00f3nico (obligatorio)<br \/>\n<span class=\"wpcf7-form-control-wrap\" data-name=\"your-email\"><input size=\"40\" maxlength=\"400\" class=\"wpcf7-form-control wpcf7-email wpcf7-validates-as-required wpcf7-text wpcf7-validates-as-email\" aria-required=\"true\" aria-invalid=\"false\" value=\"\" type=\"email\" name=\"your-email\" \/><\/span> <\/label>\n<\/p>\n<p><label> Tu estado\/ciudad (obligatorio)<br \/>\n<span class=\"wpcf7-form-control-wrap\" data-name=\"your-city\"><input size=\"40\" maxlength=\"400\" class=\"wpcf7-form-control wpcf7-text wpcf7-validates-as-required\" aria-required=\"true\" aria-invalid=\"false\" value=\"\" type=\"text\" name=\"your-city\" \/><\/span> <\/label>\n<\/p>\n<p><label> Asunto<br \/>\n<span class=\"wpcf7-form-control-wrap\" data-name=\"your-subject\"><input size=\"40\" maxlength=\"400\" class=\"wpcf7-form-control wpcf7-text\" aria-invalid=\"false\" value=\"\" type=\"text\" name=\"your-subject\" \/><\/span> <\/label>\n<\/p>\n<p><label> Tu mensaje<br \/>\n<span class=\"wpcf7-form-control-wrap\" data-name=\"your-message\"><textarea cols=\"40\" rows=\"10\" maxlength=\"2000\" class=\"wpcf7-form-control wpcf7-textarea\" aria-invalid=\"false\" name=\"your-message\"><\/textarea><\/span> <\/label>\n<\/p>\n<p><input class=\"wpcf7-form-control wpcf7-submit has-spinner\" type=\"submit\" value=\"Enviar\" \/>\n<\/p><div class=\"wpcf7-response-output\" aria-hidden=\"true\"><\/div>\n<input type=\"hidden\" name=\"trp-form-language\" value=\"es\"\/><\/form>\n<\/div>\n\n<\/div>\n<\/div>","protected":false},"excerpt":{"rendered":"<p>\u00a1Registra tu negocio en visit-mexico.mx y aumenta tus ventas!<\/p>","protected":false},"author":2,"featured_media":0,"parent":0,"menu_order":0,"comment_status":"closed","ping_status":"closed","template":"","meta":{"footnotes":""},"class_list":["post-429","page","type-page","status-publish","hentry"],"yoast_head":"<!-- This site is optimized with the Yoast SEO plugin v27.4 - https:\/\/yoast.com\/product\/yoast-seo-wordpress\/ -->\n<title>An\u00fanciate con Nosotros | visit-mexico.mx<\/title>\n<meta name=\"description\" content=\"Registra tu negocio en visit-mexico.mx y aumenta tus ventas!\" \/>\n<meta name=\"robots\" content=\"index, follow, max-snippet:-1, max-image-preview:large, max-video-preview:-1\" \/>\n<link rel=\"canonical\" href=\"https:\/\/www.visit-mexico.mx\/es\/anunciate\/\" \/>\n<meta property=\"og:locale\" content=\"es_ES\" \/>\n<meta property=\"og:type\" content=\"article\" \/>\n<meta property=\"og:title\" content=\"An\u00fanciate con Nosotros | visit-mexico.mx\" \/>\n<meta property=\"og:description\" content=\"Registra tu negocio en visit-mexico.mx y aumenta tus ventas!\" \/>\n<meta property=\"og:url\" content=\"https:\/\/www.visit-mexico.mx\/es\/anunciate\/\" \/>\n<meta property=\"og:site_name\" content=\"visit-mexico.mx\" \/>\n<meta property=\"article:publisher\" content=\"https:\/\/www.facebook.com\/visit-mexicomx-102215558375226\" \/>\n<meta property=\"article:modified_time\" content=\"2020-08-30T03:36:59+00:00\" \/>\n<meta name=\"twitter:card\" content=\"summary_large_image\" \/>\n<meta name=\"twitter:site\" content=\"@visitmexicomx\" \/>\n<script type=\"application\/ld+json\" class=\"yoast-schema-graph\">{\"@context\":\"https:\\\/\\\/schema.org\",\"@graph\":[{\"@type\":\"WebPage\",\"@id\":\"https:\\\/\\\/www.visit-mexico.mx\\\/anunciate\\\/\",\"url\":\"https:\\\/\\\/www.visit-mexico.mx\\\/anunciate\\\/\",\"name\":\"An\u00fanciate con Nosotros | visit-mexico.mx\",\"isPartOf\":{\"@id\":\"https:\\\/\\\/www.visit-mexico.mx\\\/#website\"},\"datePublished\":\"2020-08-30T03:18:56+00:00\",\"dateModified\":\"2020-08-30T03:36:59+00:00\",\"description\":\"Registra tu negocio en visit-mexico.mx y aumenta tus ventas!\",\"breadcrumb\":{\"@id\":\"https:\\\/\\\/www.visit-mexico.mx\\\/anunciate\\\/#breadcrumb\"},\"inLanguage\":\"es\",\"potentialAction\":[{\"@type\":\"ReadAction\",\"target\":[\"https:\\\/\\\/www.visit-mexico.mx\\\/anunciate\\\/\"]}]},{\"@type\":\"BreadcrumbList\",\"@id\":\"https:\\\/\\\/www.visit-mexico.mx\\\/anunciate\\\/#breadcrumb\",\"itemListElement\":[{\"@type\":\"ListItem\",\"position\":1,\"name\":\"M\u00c9XICO\",\"item\":\"https:\\\/\\\/www.visit-mexico.mx\\\/\"},{\"@type\":\"ListItem\",\"position\":2,\"name\":\"An\u00fanciate con Nosotros\"}]},{\"@type\":\"WebSite\",\"@id\":\"https:\\\/\\\/www.visit-mexico.mx\\\/#website\",\"url\":\"https:\\\/\\\/www.visit-mexico.mx\\\/\",\"name\":\"visit-mexico.mx\",\"description\":\"Mexico Tourist Guide\",\"publisher\":{\"@id\":\"https:\\\/\\\/www.visit-mexico.mx\\\/#organization\"},\"alternateName\":\"visit-mexico.mx\",\"potentialAction\":[{\"@type\":\"SearchAction\",\"target\":{\"@type\":\"EntryPoint\",\"urlTemplate\":\"https:\\\/\\\/www.visit-mexico.mx\\\/?s={search_term_string}\"},\"query-input\":{\"@type\":\"PropertyValueSpecification\",\"valueRequired\":true,\"valueName\":\"search_term_string\"}}],\"inLanguage\":\"es\"},{\"@type\":\"Organization\",\"@id\":\"https:\\\/\\\/www.visit-mexico.mx\\\/#organization\",\"name\":\"Visit-Mexico.mx\",\"alternateName\":\"visit-mexico.mx\",\"url\":\"https:\\\/\\\/www.visit-mexico.mx\\\/\",\"logo\":{\"@type\":\"ImageObject\",\"inLanguage\":\"es\",\"@id\":\"https:\\\/\\\/www.visit-mexico.mx\\\/#\\\/schema\\\/logo\\\/image\\\/\",\"url\":\"https:\\\/\\\/www.visit-mexico.mx\\\/wp-content\\\/uploads\\\/2020\\\/11\\\/VISIT-MEXICO-LOGO-MX.png\",\"contentUrl\":\"https:\\\/\\\/www.visit-mexico.mx\\\/wp-content\\\/uploads\\\/2020\\\/11\\\/VISIT-MEXICO-LOGO-MX.png\",\"width\":512,\"height\":512,\"caption\":\"Visit-Mexico.mx\"},\"image\":{\"@id\":\"https:\\\/\\\/www.visit-mexico.mx\\\/#\\\/schema\\\/logo\\\/image\\\/\"},\"sameAs\":[\"https:\\\/\\\/www.facebook.com\\\/visit-mexicomx-102215558375226\",\"https:\\\/\\\/x.com\\\/visitmexicomx\",\"https:\\\/\\\/www.instagram.com\\\/visit_mexico.mx\\\/\"]}]}<\/script>\n<!-- \/ Yoast SEO plugin. -->","yoast_head_json":{"title":"An\u00fanciate con Nosotros | visit-mexico.mx","description":"\u00a1Registra tu negocio en visit-mexico.mx y aumenta tus ventas!","robots":{"index":"index","follow":"follow","max-snippet":"max-snippet:-1","max-image-preview":"max-image-preview:large","max-video-preview":"max-video-preview:-1"},"canonical":"https:\/\/www.visit-mexico.mx\/es\/anunciate\/","og_locale":"es_ES","og_type":"article","og_title":"An\u00fanciate con Nosotros | visit-mexico.mx","og_description":"Registra tu negocio en visit-mexico.mx y aumenta tus ventas!","og_url":"https:\/\/www.visit-mexico.mx\/es\/anunciate\/","og_site_name":"visit-mexico.mx","article_publisher":"https:\/\/www.facebook.com\/visit-mexicomx-102215558375226","article_modified_time":"2020-08-30T03:36:59+00:00","twitter_card":"summary_large_image","twitter_site":"@visitmexicomx","schema":{"@context":"https:\/\/schema.org","@graph":[{"@type":"WebPage","@id":"https:\/\/www.visit-mexico.mx\/anunciate\/","url":"https:\/\/www.visit-mexico.mx\/anunciate\/","name":"An\u00fanciate con Nosotros | visit-mexico.mx","isPartOf":{"@id":"https:\/\/www.visit-mexico.mx\/#website"},"datePublished":"2020-08-30T03:18:56+00:00","dateModified":"2020-08-30T03:36:59+00:00","description":"\u00a1Registra tu negocio en visit-mexico.mx y aumenta tus ventas!","breadcrumb":{"@id":"https:\/\/www.visit-mexico.mx\/anunciate\/#breadcrumb"},"inLanguage":"es","potentialAction":[{"@type":"ReadAction","target":["https:\/\/www.visit-mexico.mx\/anunciate\/"]}]},{"@type":"BreadcrumbList","@id":"https:\/\/www.visit-mexico.mx\/anunciate\/#breadcrumb","itemListElement":[{"@type":"ListItem","position":1,"name":"M\u00c9XICO","item":"https:\/\/www.visit-mexico.mx\/"},{"@type":"ListItem","position":2,"name":"An\u00fanciate con Nosotros"}]},{"@type":"WebSite","@id":"https:\/\/www.visit-mexico.mx\/#website","url":"https:\/\/www.visit-mexico.mx\/","name":"visit-mexico.mx","description":"Gu\u00eda tur\u00edstica de M\u00e9xico","publisher":{"@id":"https:\/\/www.visit-mexico.mx\/#organization"},"alternateName":"visit-mexico.mx","potentialAction":[{"@type":"SearchAction","target":{"@type":"EntryPoint","urlTemplate":"https:\/\/www.visit-mexico.mx\/?s={search_term_string}"},"query-input":{"@type":"PropertyValueSpecification","valueRequired":true,"valueName":"search_term_string"}}],"inLanguage":"es"},{"@type":"Organization","@id":"https:\/\/www.visit-mexico.mx\/#organization","name":"Visita-M\u00e9xico.mx","alternateName":"visit-mexico.mx","url":"https:\/\/www.visit-mexico.mx\/","logo":{"@type":"ImageObject","inLanguage":"es","@id":"https:\/\/www.visit-mexico.mx\/#\/schema\/logo\/image\/","url":"https:\/\/www.visit-mexico.mx\/wp-content\/uploads\/2020\/11\/VISIT-MEXICO-LOGO-MX.png","contentUrl":"https:\/\/www.visit-mexico.mx\/wp-content\/uploads\/2020\/11\/VISIT-MEXICO-LOGO-MX.png","width":512,"height":512,"caption":"Visit-Mexico.mx"},"image":{"@id":"https:\/\/www.visit-mexico.mx\/#\/schema\/logo\/image\/"},"sameAs":["https:\/\/www.facebook.com\/visit-mexicomx-102215558375226","https:\/\/x.com\/visitmexicomx","https:\/\/www.instagram.com\/visit_mexico.mx\/"]}]}},"_links":{"self":[{"href":"https:\/\/www.visit-mexico.mx\/es\/wp-json\/wp\/v2\/pages\/429","targetHints":{"allow":["GET"]}}],"collection":[{"href":"https:\/\/www.visit-mexico.mx\/es\/wp-json\/wp\/v2\/pages"}],"about":[{"href":"https:\/\/www.visit-mexico.mx\/es\/wp-json\/wp\/v2\/types\/page"}],"author":[{"embeddable":true,"href":"https:\/\/www.visit-mexico.mx\/es\/wp-json\/wp\/v2\/users\/2"}],"replies":[{"embeddable":true,"href":"https:\/\/www.visit-mexico.mx\/es\/wp-json\/wp\/v2\/comments?post=429"}],"version-history":[{"count":2,"href":"https:\/\/www.visit-mexico.mx\/es\/wp-json\/wp\/v2\/pages\/429\/revisions"}],"predecessor-version":[{"id":433,"href":"https:\/\/www.visit-mexico.mx\/es\/wp-json\/wp\/v2\/pages\/429\/revisions\/433"}],"wp:attachment":[{"href":"https:\/\/www.visit-mexico.mx\/es\/wp-json\/wp\/v2\/media?parent=429"}],"curies":[{"name":"gracias","href":"https:\/\/api.w.org\/{rel}","templated":true}]}}