{"id":1629,"date":"2020-09-08T14:03:56","date_gmt":"2020-09-08T19:03:56","guid":{"rendered":"https:\/\/www.visit-mexico.mx\/?page_id=1629"},"modified":"2023-05-15T16:16:28","modified_gmt":"2023-05-15T21:16:28","slug":"cookies-policy","status":"publish","type":"page","link":"https:\/\/www.visit-mexico.mx\/es\/cookies-policy\/","title":{"rendered":"Pol\u00edtica de cookies"},"content":{"rendered":"<p>Si quieres saber m\u00e1s sobre el uso de cookies que hace este sitio web <strong>https:\/\/visit-mexico.mx<\/strong>, Usted est\u00e1 en el lugar correcto. A continuaci\u00f3n, vamos a explicar qu\u00e9 son exactamente las cookies; qu\u00e9 tipo de cookies utilizamos y con qu\u00e9 finalidad; y c\u00f3mo puede ejercer su derecho a configurar su navegador y rechazar el uso de cualquiera de ellos.<br><br>Eso s\u00ed, debes saber que si decides no utilizar algunas cookies, es posible que este sitio web no funcione a la perfecci\u00f3n, afectando tu experiencia de usuario.<\/p>\n\n\n\n<h2 class=\"wp-block-heading has-black-color has-text-color\">QUE ES UNA COOKIE<\/h2>\n\n\n\n<p>Una cookie es un archivo que se descarga en su computadora cuando accede a determinadas p\u00e1ginas web o blogs.<br><br>Las cookies permiten que esa p\u00e1gina, entre otras cosas, almacene y recupere informaci\u00f3n sobre sus h\u00e1bitos de navegaci\u00f3n o su computadora y, dependiendo de la informaci\u00f3n que contengan y de la forma en que use su computadora, pueden usarse para reconocerlo.<br><br>El navegador del usuario almacena cookies en el disco duro solo durante la sesi\u00f3n actual, ocupando un espacio m\u00ednimo de memoria y sin perjudicar el ordenador. Las cookies no contienen informaci\u00f3n personal espec\u00edfica y la mayor\u00eda se borran del disco duro al finalizar la sesi\u00f3n (las llamadas cookies de sesi\u00f3n).<br><br>La mayor\u00eda de los navegadores aceptan cookies como est\u00e1ndar y, independientemente de ellas, permiten o impiden cookies temporales o memorizadas en la configuraci\u00f3n de seguridad.<br><br>Las cookies est\u00e1n asociadas al navegador, no a la persona, por lo que no suelen almacenar informaci\u00f3n sensible sobre usted como tarjetas de cr\u00e9dito o datos bancarios, fotograf\u00edas o informaci\u00f3n personal, etc. Los datos que guardan son t\u00e9cnicos, estad\u00edsticos, preferencias personales, personalizaci\u00f3n de contenido, etc.<\/p>\n\n\n\n<h2 class=\"wp-block-heading has-black-color has-text-color\">ACEPTACI\u00d3N DE COOKIES: REGLAMENTO VIGENTE<\/h2>\n\n\n\n<p>Al acceder a este sitio web, y de acuerdo con la normativa vigente en protecci\u00f3n de datos, le informamos del uso de cookies, d\u00e1ndole la opci\u00f3n de aceptarlas expresamente y de acceder a m\u00e1s informaci\u00f3n a trav\u00e9s de esta Pol\u00edtica de Cookies.<br><br>Debes saber que, si contin\u00faas navegando, estar\u00e1s dando tu consentimiento para el uso de estas cookies. Pero, en cualquier momento, puede cambiar de opini\u00f3n y bloquear su uso a trav\u00e9s de su navegador.<br><br>Para su total tranquilidad, este sitio web cumple con lo dispuesto en la normativa vigente en relaci\u00f3n al uso de cookies y sus datos personales:<br><br>La normativa LSSI-CE (<strong>Ley de la sociedad de la informaci\u00f3n y comercio electr\u00f3nico<\/strong>)<br><br>La <strong>RGPD<\/strong> (<strong>Reglamento (UE) 2016\/679 del Parlamento Europeo y del Consejo de 27 de abril de 2016 relativo a la protecci\u00f3n de las personas f\u00edsicas<\/strong>), que unifica la regulaci\u00f3n del tratamiento de datos personales en los pa\u00edses de la UE.<br><br>Esta Pol\u00edtica de Cookies puede ser modificada en cualquier momento para adaptarse a nuevas normativas o cambios en nuestras actividades, estando vigente la publicada en la web.<\/p>\n\n\n\n<h2 class=\"wp-block-heading has-black-color has-text-color\">TIPOS DE COOKIES<\/h2>\n\n\n\n<p>Con el fin de ofrecerte una mejor experiencia de usuario, obtener datos anal\u00edticos, almacenar y recuperar informaci\u00f3n sobre tus h\u00e1bitos de navegaci\u00f3n o tu ordenador y desarrollar tu actividad, este sitio web <strong>https:\/\/visit-mexico.mx<\/strong> utiliza cookies propias y de terceros.<\/p>\n\n\n\n<h2 class=\"wp-block-heading has-black-color has-text-color\">\u00bfQu\u00e9 tipos de cookies utiliza este sitio web?<\/h2>\n\n\n\n<p>Cookies t\u00e9cnicas: Son aqu\u00e9llas que permiten al usuario navegar por una p\u00e1gina web, plataforma o aplicaci\u00f3n y utilizar las diferentes opciones o servicios que existen en ella, como por ejemplo, controlar el tr\u00e1fico y la comunicaci\u00f3n de datos, identificar la sesi\u00f3n, acceder a partes de acceso restringido, recordar los elementos que componen un pedido, realizar el proceso de compra de un pedido, realizar una solicitud de registro o participaci\u00f3n en un evento, utilizar elementos de seguridad durante la navegaci\u00f3n, almacenar contenido para la difusi\u00f3n de videos o sonido o compartir contenido a trav\u00e9s de las redes sociales.<\/p>\n\n\n\n<ul class=\"wp-block-list\">\n<li><strong>Cookies de personalizaci\u00f3n<\/strong>: Son aquellas que permiten al usuario acceder al servicio con algunas caracter\u00edsticas de car\u00e1cter general predefinidas en funci\u00f3n de una serie de criterios en el terminal del usuario como por ejemplo serian el idioma, el tipo de navegador a trav\u00e9s del cual accede al servicio, la configuraci\u00f3n regional desde donde accede al servicio, etc.<\/li>\n\n\n\n<li><strong>Cookies de an\u00e1lisis<\/strong>: Son aquellas que bien tratadas por nosotros o por terceros, nos permiten cuantificar el n\u00famero de usuarios y as\u00ed realizar la medici\u00f3n y an\u00e1lisis estad\u00edstico del uso que los usuarios hacen del servicio ofertado. Para ello, se analiza su navegaci\u00f3n en nuestro sitio web con el fin de mejorar la oferta de productos o servicios que le ofrecemos.<\/li>\n\n\n\n<li><strong>Cookies publicitarias<\/strong>: Son aqu\u00e9llas que, bien tratadas por nosotros o por terceros, nos permiten gestionar de la forma m\u00e1s eficaz posible la oferta de los espacios publicitarios que hay en el sitio web, adaptando el contenido del anuncio al contenido del servicio solicitado. o uso que haga desde nuestro sitio web. Para ello podemos analizar sus h\u00e1bitos de navegaci\u00f3n en Internet y podemos mostrarle publicidad relacionada con su perfil de navegaci\u00f3n.<\/li>\n\n\n\n<li><strong>Cookies de publicidad comportamental<\/strong>: Son aqu\u00e9llas que permiten la gesti\u00f3n, de la forma m\u00e1s eficaz posible, de los espacios publicitarios que, en su caso, el editor haya incluido en una p\u00e1gina web, aplicaci\u00f3n o plataforma desde la que presta el servicio solicitado. Estas cookies almacenan informaci\u00f3n sobre el comportamiento de los usuarios obtenida a trav\u00e9s de la observaci\u00f3n continuada de sus h\u00e1bitos de navegaci\u00f3n, lo que permite desarrollar un perfil espec\u00edfico para mostrar publicidad en funci\u00f3n del mismo.<\/li>\n\n\n\n<li><strong>Cookies de terceros<\/strong>: Este sitio web <strong>https:\/\/visit-mexico.mx<\/strong> puede utilizar servicios de terceros que, por cuenta de Google, recoger\u00e1n informaci\u00f3n con fines estad\u00edsticos, del uso del sitio por parte del usuario y para la prestaci\u00f3n de otros servicios relacionados con la actividad del sitio web y otros servicios de Internet.<\/li>\n<\/ul>\n\n\n\n<p>En particular, este sitio web utiliza Google Analytics, un servicio de anal\u00edtica web prestado por Google, Inc., con domicilio social en Estados Unidos, 1600 Amphitheatre Parkway, Mountain View, California 94043. Para la prestaci\u00f3n de estos servicios, Google utiliza cookies que recopilan informaci\u00f3n, incluida la direcci\u00f3n IP del usuario, que ser\u00e1 transmitida, tratada y almacenada por Google seg\u00fan los t\u00e9rminos establecidos en la web Google.com. Esto incluye la posible transmisi\u00f3n de dicha informaci\u00f3n a terceros por razones legales o cuando dichos terceros procesen la informaci\u00f3n por cuenta de Google.<\/p>\n\n\n\n<h2 class=\"wp-block-heading has-black-color has-text-color\">GESTIONAR Y RECHAZAR EL USO DE COOKIES<\/h2>\n\n\n\n<p>En cualquier momento, puede adaptar la configuraci\u00f3n de su navegador para administrar, rechazar el uso de cookies y ser notificado antes de su descarga.<br><br>Tambi\u00e9n puede adaptar la configuraci\u00f3n para que el navegador rechace todas las cookies o solo las de terceros. Y tambi\u00e9n puede eliminar cualquiera de las cookies que ya est\u00e9n en su computadora.<br><br>Para ello, debes tener en cuenta que tendr\u00e1s que adaptar por separado la configuraci\u00f3n de cada navegador y equipo que utilices ya que, como hemos mencionado anteriormente, las cookies est\u00e1n asociadas al navegador, no a la persona.<br><br>Google Chrome <a href=\"https:\/\/support.google.com\/chrome\/answer\/95647?hl=es-419\" target=\"_blank\" rel=\"noreferrer noopener\">https:\/\/support.google.com\/chrome\/answer\/95647?hl=en-419<\/a><br><br>explorador de Internet <a href=\"https:\/\/support.microsoft.com\/es-es\/help\/17442\/windows-internet-explorer-delete-manage-cookies#ie=ie-10\" target=\"_blank\" rel=\"noreferrer noopener\">https:\/\/support.microsoft.com\/en-us\/help\/17442\/windows-internet-explorer-delete-manage-cookies#ie=ie-10<\/a><br><br>Mozilla Firefox <a href=\"https:\/\/support.mozilla.org\/es\/kb\/habilitar-y-deshabilitar-cookies-sitios-web-rastrear-predamientos?redirectlocale=es&amp;redirectslug=habilitar-y-deshabilitar-cookies-que-los-sitios- we\" target=\"_blank\" rel=\"noreferrer noopener\">https:\/\/support.mozilla.org\/en-US\/kb\/clear-cookies-and-site-data-firefox<\/a><br><br>Safari de manzana <a href=\"https:\/\/support.apple.com\/es-es\/HT201265\" target=\"_blank\" rel=\"noreferrer noopener\">https:\/\/support.apple.com\/en-us\/HT201265<\/a><br><br>Si tiene alguna pregunta sobre esto <strong>Pol\u00edtica de cookies<\/strong>, puede contactarnos enviando un correo electr\u00f3nico a <a href=\"mailto:info@visit-mexico.mx\" target=\"_blank\" rel=\"noreferrer noopener\">info@visit-mexico.mx<\/a>.<\/p>\n\n\n<div class=\"wp-block-image\">\n<figure class=\"aligncenter size-full is-resized\"><img decoding=\"async\" src=\"http:\/\/www.visit-mexico.mx\/wp-content\/uploads\/2022\/11\/VM-MX-Logo-V.png\" alt=\"VM-MX Logo\" class=\"wp-image-16595\" width=\"167\" height=\"155\" srcset=\"https:\/\/www.visit-mexico.mx\/wp-content\/uploads\/2022\/11\/VM-MX-Logo-V.png 666w, https:\/\/www.visit-mexico.mx\/wp-content\/uploads\/2022\/11\/VM-MX-Logo-V-300x279.png 300w, https:\/\/www.visit-mexico.mx\/wp-content\/uploads\/2022\/11\/VM-MX-Logo-V-13x12.png 13w\" sizes=\"(max-width: 167px) 100vw, 167px\" \/><\/figure>\n<\/div>","protected":false},"excerpt":{"rendered":"<p>Si deseas conocer m\u00e1s sobre el uso de cookies que hace este sitio web https:\/\/visit-mexico.mx, est\u00e1s en el lugar indicado. \u2026 <a class=\"kt-excerpt-readmore more-link\" href=\"https:\/\/www.visit-mexico.mx\/es\/cookies-policy\/\">Leer m\u00e1s<\/a><\/p>","protected":false},"author":2,"featured_media":0,"parent":0,"menu_order":0,"comment_status":"closed","ping_status":"closed","template":"","meta":{"footnotes":""},"class_list":["post-1629","page","type-page","status-publish","hentry"],"yoast_head":"<!-- This site is optimized with the Yoast SEO plugin v27.3 - https:\/\/yoast.com\/product\/yoast-seo-wordpress\/ -->\n<title>Cookies Policy | visit-mexico.mx<\/title>\n<meta name=\"description\" content=\"If you want to know more about the use of cookies made by this website https:\/\/visit-mexico.mx, you are in the right place. Next, we are going to explain\" \/>\n<meta name=\"robots\" content=\"noindex, nofollow\" \/>\n<meta property=\"og:locale\" content=\"es_ES\" \/>\n<meta property=\"og:type\" content=\"article\" \/>\n<meta property=\"og:title\" content=\"Cookies Policy | visit-mexico.mx\" \/>\n<meta property=\"og:description\" content=\"If you want to know more about the use of cookies made by this website https:\/\/visit-mexico.mx, you are in the right place. Next, we are going to explain\" \/>\n<meta property=\"og:url\" content=\"https:\/\/www.visit-mexico.mx\/es\/cookies-policy\/\" \/>\n<meta property=\"og:site_name\" content=\"visit-mexico.mx\" \/>\n<meta property=\"article:publisher\" content=\"https:\/\/www.facebook.com\/visit-mexicomx-102215558375226\" \/>\n<meta property=\"article:modified_time\" content=\"2023-05-15T21:16:28+00:00\" \/>\n<meta property=\"og:image\" content=\"http:\/\/www.visit-mexico.mx\/wp-content\/uploads\/2022\/11\/VM-MX-Logo-V.png\" \/>\n<meta name=\"twitter:card\" content=\"summary_large_image\" \/>\n<meta name=\"twitter:site\" content=\"@visitmexicomx\" \/>\n<meta name=\"twitter:label1\" content=\"Tiempo de lectura\" \/>\n\t<meta name=\"twitter:data1\" content=\"6 minutos\" \/>\n<script type=\"application\/ld+json\" class=\"yoast-schema-graph\">{\"@context\":\"https:\\\/\\\/schema.org\",\"@graph\":[{\"@type\":\"WebPage\",\"@id\":\"https:\\\/\\\/www.visit-mexico.mx\\\/cookies-policy\\\/\",\"url\":\"https:\\\/\\\/www.visit-mexico.mx\\\/cookies-policy\\\/\",\"name\":\"Cookies Policy | visit-mexico.mx\",\"isPartOf\":{\"@id\":\"https:\\\/\\\/www.visit-mexico.mx\\\/#website\"},\"primaryImageOfPage\":{\"@id\":\"https:\\\/\\\/www.visit-mexico.mx\\\/cookies-policy\\\/#primaryimage\"},\"image\":{\"@id\":\"https:\\\/\\\/www.visit-mexico.mx\\\/cookies-policy\\\/#primaryimage\"},\"thumbnailUrl\":\"http:\\\/\\\/www.visit-mexico.mx\\\/wp-content\\\/uploads\\\/2022\\\/11\\\/VM-MX-Logo-V.png\",\"datePublished\":\"2020-09-08T19:03:56+00:00\",\"dateModified\":\"2023-05-15T21:16:28+00:00\",\"description\":\"If you want to know more about the use of cookies made by this website https:\\\/\\\/visit-mexico.mx, you are in the right place. Next, we are going to explain\",\"breadcrumb\":{\"@id\":\"https:\\\/\\\/www.visit-mexico.mx\\\/cookies-policy\\\/#breadcrumb\"},\"inLanguage\":\"es\",\"potentialAction\":[{\"@type\":\"ReadAction\",\"target\":[\"https:\\\/\\\/www.visit-mexico.mx\\\/cookies-policy\\\/\"]}]},{\"@type\":\"ImageObject\",\"inLanguage\":\"es\",\"@id\":\"https:\\\/\\\/www.visit-mexico.mx\\\/cookies-policy\\\/#primaryimage\",\"url\":\"http:\\\/\\\/www.visit-mexico.mx\\\/wp-content\\\/uploads\\\/2022\\\/11\\\/VM-MX-Logo-V.png\",\"contentUrl\":\"http:\\\/\\\/www.visit-mexico.mx\\\/wp-content\\\/uploads\\\/2022\\\/11\\\/VM-MX-Logo-V.png\"},{\"@type\":\"BreadcrumbList\",\"@id\":\"https:\\\/\\\/www.visit-mexico.mx\\\/cookies-policy\\\/#breadcrumb\",\"itemListElement\":[{\"@type\":\"ListItem\",\"position\":1,\"name\":\"M\u00c9XICO\",\"item\":\"https:\\\/\\\/www.visit-mexico.mx\\\/\"},{\"@type\":\"ListItem\",\"position\":2,\"name\":\"Cookies Policy\"}]},{\"@type\":\"WebSite\",\"@id\":\"https:\\\/\\\/www.visit-mexico.mx\\\/#website\",\"url\":\"https:\\\/\\\/www.visit-mexico.mx\\\/\",\"name\":\"visit-mexico.mx\",\"description\":\"Mexico Tourist Guide\",\"publisher\":{\"@id\":\"https:\\\/\\\/www.visit-mexico.mx\\\/#organization\"},\"alternateName\":\"visit-mexico.mx\",\"potentialAction\":[{\"@type\":\"SearchAction\",\"target\":{\"@type\":\"EntryPoint\",\"urlTemplate\":\"https:\\\/\\\/www.visit-mexico.mx\\\/?s={search_term_string}\"},\"query-input\":{\"@type\":\"PropertyValueSpecification\",\"valueRequired\":true,\"valueName\":\"search_term_string\"}}],\"inLanguage\":\"es\"},{\"@type\":\"Organization\",\"@id\":\"https:\\\/\\\/www.visit-mexico.mx\\\/#organization\",\"name\":\"Visit-Mexico.mx\",\"alternateName\":\"visit-mexico.mx\",\"url\":\"https:\\\/\\\/www.visit-mexico.mx\\\/\",\"logo\":{\"@type\":\"ImageObject\",\"inLanguage\":\"es\",\"@id\":\"https:\\\/\\\/www.visit-mexico.mx\\\/#\\\/schema\\\/logo\\\/image\\\/\",\"url\":\"https:\\\/\\\/www.visit-mexico.mx\\\/wp-content\\\/uploads\\\/2020\\\/11\\\/VISIT-MEXICO-LOGO-MX.png\",\"contentUrl\":\"https:\\\/\\\/www.visit-mexico.mx\\\/wp-content\\\/uploads\\\/2020\\\/11\\\/VISIT-MEXICO-LOGO-MX.png\",\"width\":512,\"height\":512,\"caption\":\"Visit-Mexico.mx\"},\"image\":{\"@id\":\"https:\\\/\\\/www.visit-mexico.mx\\\/#\\\/schema\\\/logo\\\/image\\\/\"},\"sameAs\":[\"https:\\\/\\\/www.facebook.com\\\/visit-mexicomx-102215558375226\",\"https:\\\/\\\/x.com\\\/visitmexicomx\",\"https:\\\/\\\/www.instagram.com\\\/visit_mexico.mx\\\/\"]}]}<\/script>\n<!-- \/ Yoast SEO plugin. -->","yoast_head_json":{"title":"Pol\u00edtica de Cookies | visit-mexico.mx","description":"Si desea saber m\u00e1s sobre el uso de cookies que realiza este sitio web https:\/\/visit-mexico.mx, est\u00e1 en el lugar correcto. A continuaci\u00f3n, le explicaremos.","robots":{"index":"noindex","follow":"nofollow"},"og_locale":"es_ES","og_type":"article","og_title":"Cookies Policy | visit-mexico.mx","og_description":"If you want to know more about the use of cookies made by this website https:\/\/visit-mexico.mx, you are in the right place. Next, we are going to explain","og_url":"https:\/\/www.visit-mexico.mx\/es\/cookies-policy\/","og_site_name":"visit-mexico.mx","article_publisher":"https:\/\/www.facebook.com\/visit-mexicomx-102215558375226","article_modified_time":"2023-05-15T21:16:28+00:00","og_image":[{"url":"http:\/\/www.visit-mexico.mx\/wp-content\/uploads\/2022\/11\/VM-MX-Logo-V.png","type":"","width":"","height":""}],"twitter_card":"summary_large_image","twitter_site":"@visitmexicomx","twitter_misc":{"Tiempo de lectura":"6 minutos"},"schema":{"@context":"https:\/\/schema.org","@graph":[{"@type":"WebPage","@id":"https:\/\/www.visit-mexico.mx\/cookies-policy\/","url":"https:\/\/www.visit-mexico.mx\/cookies-policy\/","name":"Pol\u00edtica de Cookies | visit-mexico.mx","isPartOf":{"@id":"https:\/\/www.visit-mexico.mx\/#website"},"primaryImageOfPage":{"@id":"https:\/\/www.visit-mexico.mx\/cookies-policy\/#primaryimage"},"image":{"@id":"https:\/\/www.visit-mexico.mx\/cookies-policy\/#primaryimage"},"thumbnailUrl":"http:\/\/www.visit-mexico.mx\/wp-content\/uploads\/2022\/11\/VM-MX-Logo-V.png","datePublished":"2020-09-08T19:03:56+00:00","dateModified":"2023-05-15T21:16:28+00:00","description":"Si desea saber m\u00e1s sobre el uso de cookies que realiza este sitio web https:\/\/visit-mexico.mx, est\u00e1 en el lugar correcto. A continuaci\u00f3n, le explicaremos.","breadcrumb":{"@id":"https:\/\/www.visit-mexico.mx\/cookies-policy\/#breadcrumb"},"inLanguage":"es","potentialAction":[{"@type":"ReadAction","target":["https:\/\/www.visit-mexico.mx\/cookies-policy\/"]}]},{"@type":"ImageObject","inLanguage":"es","@id":"https:\/\/www.visit-mexico.mx\/cookies-policy\/#primaryimage","url":"http:\/\/www.visit-mexico.mx\/wp-content\/uploads\/2022\/11\/VM-MX-Logo-V.png","contentUrl":"http:\/\/www.visit-mexico.mx\/wp-content\/uploads\/2022\/11\/VM-MX-Logo-V.png"},{"@type":"BreadcrumbList","@id":"https:\/\/www.visit-mexico.mx\/cookies-policy\/#breadcrumb","itemListElement":[{"@type":"ListItem","position":1,"name":"M\u00c9XICO","item":"https:\/\/www.visit-mexico.mx\/"},{"@type":"ListItem","position":2,"name":"Cookies Policy"}]},{"@type":"WebSite","@id":"https:\/\/www.visit-mexico.mx\/#website","url":"https:\/\/www.visit-mexico.mx\/","name":"visit-mexico.mx","description":"Gu\u00eda tur\u00edstica de M\u00e9xico","publisher":{"@id":"https:\/\/www.visit-mexico.mx\/#organization"},"alternateName":"visit-mexico.mx","potentialAction":[{"@type":"SearchAction","target":{"@type":"EntryPoint","urlTemplate":"https:\/\/www.visit-mexico.mx\/?s={search_term_string}"},"query-input":{"@type":"PropertyValueSpecification","valueRequired":true,"valueName":"search_term_string"}}],"inLanguage":"es"},{"@type":"Organization","@id":"https:\/\/www.visit-mexico.mx\/#organization","name":"Visita-M\u00e9xico.mx","alternateName":"visit-mexico.mx","url":"https:\/\/www.visit-mexico.mx\/","logo":{"@type":"ImageObject","inLanguage":"es","@id":"https:\/\/www.visit-mexico.mx\/#\/schema\/logo\/image\/","url":"https:\/\/www.visit-mexico.mx\/wp-content\/uploads\/2020\/11\/VISIT-MEXICO-LOGO-MX.png","contentUrl":"https:\/\/www.visit-mexico.mx\/wp-content\/uploads\/2020\/11\/VISIT-MEXICO-LOGO-MX.png","width":512,"height":512,"caption":"Visit-Mexico.mx"},"image":{"@id":"https:\/\/www.visit-mexico.mx\/#\/schema\/logo\/image\/"},"sameAs":["https:\/\/www.facebook.com\/visit-mexicomx-102215558375226","https:\/\/x.com\/visitmexicomx","https:\/\/www.instagram.com\/visit_mexico.mx\/"]}]}},"_links":{"self":[{"href":"https:\/\/www.visit-mexico.mx\/es\/wp-json\/wp\/v2\/pages\/1629","targetHints":{"allow":["GET"]}}],"collection":[{"href":"https:\/\/www.visit-mexico.mx\/es\/wp-json\/wp\/v2\/pages"}],"about":[{"href":"https:\/\/www.visit-mexico.mx\/es\/wp-json\/wp\/v2\/types\/page"}],"author":[{"embeddable":true,"href":"https:\/\/www.visit-mexico.mx\/es\/wp-json\/wp\/v2\/users\/2"}],"replies":[{"embeddable":true,"href":"https:\/\/www.visit-mexico.mx\/es\/wp-json\/wp\/v2\/comments?post=1629"}],"version-history":[{"count":3,"href":"https:\/\/www.visit-mexico.mx\/es\/wp-json\/wp\/v2\/pages\/1629\/revisions"}],"predecessor-version":[{"id":25788,"href":"https:\/\/www.visit-mexico.mx\/es\/wp-json\/wp\/v2\/pages\/1629\/revisions\/25788"}],"wp:attachment":[{"href":"https:\/\/www.visit-mexico.mx\/es\/wp-json\/wp\/v2\/media?parent=1629"}],"curies":[{"name":"gracias","href":"https:\/\/api.w.org\/{rel}","templated":true}]}}